{"id":22233,"date":"2023-08-31T20:13:12","date_gmt":"2023-08-31T18:13:12","guid":{"rendered":"https:\/\/u15jnbauej.preview.infomaniak.website\/produit\/kit-ae3802-o38-water-accessories\/"},"modified":"2023-08-31T20:13:12","modified_gmt":"2023-08-31T18:13:12","slug":"kit-ae3802-o38-water-accessories","status":"publish","type":"product","link":"https:\/\/www.eurosteam.fr\/en\/produit\/kit-ae3802-o38-water-accessories\/","title":{"rendered":"KIT AE3802 &#8211; \u00d838 water accessories"},"content":{"rendered":"<ul>\n<li>Suction hose \u00d838 Lg 3M Complete<\/li>\n<li>Angled stainless steel tube \u00d838 Lg 430mm<\/li>\n<li>Straight stainless steel tube with ring \u00d838 Lg 440mm (X2)<\/li>\n<li>Water Sensor Castors \u00d838 Lg 400mm<\/li>\n<li>Steel Cable Lg 3.40M 2 Loops<\/li>\n<\/ul>\n","protected":false},"excerpt":{"rendered":"<p>Suction hose \u00d838 Lg 3M Complete Angled stainless steel tube \u00d838 Lg 430mm Straight stainless steel tube with ring \u00d838 Lg 440mm (X2) Water Sensor Castors \u00d838 Lg 400mm Steel Cable Lg 3.40M 2 Loops<\/p>\n","protected":false},"featured_media":19607,"comment_status":"open","ping_status":"closed","template":"","meta":{"_acf_changed":false},"product_brand":[],"product_cat":[10199,10791,10800],"product_tag":[],"class_list":{"0":"post-22233","1":"product","2":"type-product","3":"status-publish","4":"has-post-thumbnail","6":"product_cat-accessories","7":"product_cat-accessory-kits","8":"product_cat-water-accessory-kits","10":"first","11":"instock","12":"shipping-taxable","13":"purchasable","14":"product-type-simple"},"acf":[],"yoast_head":"<!-- This site is optimized with the Yoast SEO plugin v24.8.1 - https:\/\/yoast.com\/wordpress\/plugins\/seo\/ -->\n<title>KIT AE3802 - \u00d838 water accessories - Eurosteam<\/title>\n<meta name=\"robots\" content=\"index, follow, max-snippet:-1, max-image-preview:large, max-video-preview:-1\" \/>\n<link rel=\"canonical\" href=\"https:\/\/www.eurosteam.fr\/en\/produit\/kit-ae3802-o38-water-accessories\/\" \/>\n<meta property=\"og:locale\" content=\"en_US\" \/>\n<meta property=\"og:type\" content=\"article\" \/>\n<meta property=\"og:title\" content=\"KIT AE3802 - \u00d838 water accessories - Eurosteam\" \/>\n<meta property=\"og:description\" content=\"Suction hose \u00d838 Lg 3M Complete Angled stainless steel tube \u00d838 Lg 430mm Straight stainless steel tube with ring \u00d838 Lg 440mm (X2) Water Sensor Castors \u00d838 Lg 400mm Steel Cable Lg 3.40M 2 Loops\" \/>\n<meta property=\"og:url\" content=\"https:\/\/www.eurosteam.fr\/en\/produit\/kit-ae3802-o38-water-accessories\/\" \/>\n<meta property=\"og:site_name\" content=\"Eurosteam\" \/>\n<meta property=\"og:image\" content=\"https:\/\/www.eurosteam.fr\/wp-content\/uploads\/2023\/08\/10-450-02739002__1-jpg.webp\" \/>\n\t<meta property=\"og:image:width\" content=\"650\" \/>\n\t<meta property=\"og:image:height\" content=\"358\" \/>\n\t<meta property=\"og:image:type\" content=\"image\/jpeg\" \/>\n<meta name=\"twitter:card\" content=\"summary_large_image\" \/>\n<script type=\"application\/ld+json\" class=\"yoast-schema-graph\">{\"@context\":\"https:\/\/schema.org\",\"@graph\":[{\"@type\":\"WebPage\",\"@id\":\"https:\/\/www.eurosteam.fr\/en\/produit\/kit-ae3802-o38-water-accessories\/\",\"url\":\"https:\/\/www.eurosteam.fr\/en\/produit\/kit-ae3802-o38-water-accessories\/\",\"name\":\"KIT AE3802 - \u00d838 water accessories - Eurosteam\",\"isPartOf\":{\"@id\":\"https:\/\/www.eurosteam.fr\/en\/#website\"},\"primaryImageOfPage\":{\"@id\":\"https:\/\/www.eurosteam.fr\/en\/produit\/kit-ae3802-o38-water-accessories\/#primaryimage\"},\"image\":{\"@id\":\"https:\/\/www.eurosteam.fr\/en\/produit\/kit-ae3802-o38-water-accessories\/#primaryimage\"},\"thumbnailUrl\":\"https:\/\/www.eurosteam.fr\/wp-content\/uploads\/2023\/08\/10-450-02739002__1-jpg.webp\",\"datePublished\":\"2023-08-31T18:13:12+00:00\",\"breadcrumb\":{\"@id\":\"https:\/\/www.eurosteam.fr\/en\/produit\/kit-ae3802-o38-water-accessories\/#breadcrumb\"},\"inLanguage\":\"en-US\",\"potentialAction\":[{\"@type\":\"ReadAction\",\"target\":[\"https:\/\/www.eurosteam.fr\/en\/produit\/kit-ae3802-o38-water-accessories\/\"]}]},{\"@type\":\"ImageObject\",\"inLanguage\":\"en-US\",\"@id\":\"https:\/\/www.eurosteam.fr\/en\/produit\/kit-ae3802-o38-water-accessories\/#primaryimage\",\"url\":\"https:\/\/www.eurosteam.fr\/wp-content\/uploads\/2023\/08\/10-450-02739002__1-jpg.webp\",\"contentUrl\":\"https:\/\/www.eurosteam.fr\/wp-content\/uploads\/2023\/08\/10-450-02739002__1-jpg.webp\",\"width\":650,\"height\":358},{\"@type\":\"BreadcrumbList\",\"@id\":\"https:\/\/www.eurosteam.fr\/en\/produit\/kit-ae3802-o38-water-accessories\/#breadcrumb\",\"itemListElement\":[{\"@type\":\"ListItem\",\"position\":1,\"name\":\"Home\",\"item\":\"https:\/\/www.eurosteam.fr\/en\/\"},{\"@type\":\"ListItem\",\"position\":2,\"name\":\"Shop\",\"item\":\"https:\/\/www.eurosteam.fr\/en\/shop\/\"},{\"@type\":\"ListItem\",\"position\":3,\"name\":\"KIT AE3802 &#8211; \u00d838 water accessories\"}]},{\"@type\":\"WebSite\",\"@id\":\"https:\/\/www.eurosteam.fr\/en\/#website\",\"url\":\"https:\/\/www.eurosteam.fr\/en\/\",\"name\":\"Eurosteam\",\"description\":\"le fabricant fran\u00e7ais de mat\u00e9riel de nettoyage industriel\",\"publisher\":{\"@id\":\"https:\/\/www.eurosteam.fr\/en\/#organization\"},\"potentialAction\":[{\"@type\":\"SearchAction\",\"target\":{\"@type\":\"EntryPoint\",\"urlTemplate\":\"https:\/\/www.eurosteam.fr\/en\/?s={search_term_string}\"},\"query-input\":{\"@type\":\"PropertyValueSpecification\",\"valueRequired\":true,\"valueName\":\"search_term_string\"}}],\"inLanguage\":\"en-US\"},{\"@type\":\"Organization\",\"@id\":\"https:\/\/www.eurosteam.fr\/en\/#organization\",\"name\":\"Eurosteam\",\"url\":\"https:\/\/www.eurosteam.fr\/en\/\",\"logo\":{\"@type\":\"ImageObject\",\"inLanguage\":\"en-US\",\"@id\":\"https:\/\/www.eurosteam.fr\/en\/#\/schema\/logo\/image\/\",\"url\":\"https:\/\/www.eurosteam.fr\/wp-content\/uploads\/2023\/06\/eurosteam-logo-1602839661-jpg.webp\",\"contentUrl\":\"https:\/\/www.eurosteam.fr\/wp-content\/uploads\/2023\/06\/eurosteam-logo-1602839661-jpg.webp\",\"width\":343,\"height\":98,\"caption\":\"Eurosteam\"},\"image\":{\"@id\":\"https:\/\/www.eurosteam.fr\/en\/#\/schema\/logo\/image\/\"}}]}<\/script>\n<!-- \/ Yoast SEO plugin. -->","yoast_head_json":{"title":"KIT AE3802 - \u00d838 water accessories - Eurosteam","robots":{"index":"index","follow":"follow","max-snippet":"max-snippet:-1","max-image-preview":"max-image-preview:large","max-video-preview":"max-video-preview:-1"},"canonical":"https:\/\/www.eurosteam.fr\/en\/produit\/kit-ae3802-o38-water-accessories\/","og_locale":"en_US","og_type":"article","og_title":"KIT AE3802 - \u00d838 water accessories - Eurosteam","og_description":"Suction hose \u00d838 Lg 3M Complete Angled stainless steel tube \u00d838 Lg 430mm Straight stainless steel tube with ring \u00d838 Lg 440mm (X2) Water Sensor Castors \u00d838 Lg 400mm Steel Cable Lg 3.40M 2 Loops","og_url":"https:\/\/www.eurosteam.fr\/en\/produit\/kit-ae3802-o38-water-accessories\/","og_site_name":"Eurosteam","og_image":[{"width":650,"height":358,"url":"https:\/\/www.eurosteam.fr\/wp-content\/uploads\/2023\/08\/10-450-02739002__1-jpg.webp","type":"image\/jpeg"}],"twitter_card":"summary_large_image","schema":{"@context":"https:\/\/schema.org","@graph":[{"@type":"WebPage","@id":"https:\/\/www.eurosteam.fr\/en\/produit\/kit-ae3802-o38-water-accessories\/","url":"https:\/\/www.eurosteam.fr\/en\/produit\/kit-ae3802-o38-water-accessories\/","name":"KIT AE3802 - \u00d838 water accessories - Eurosteam","isPartOf":{"@id":"https:\/\/www.eurosteam.fr\/en\/#website"},"primaryImageOfPage":{"@id":"https:\/\/www.eurosteam.fr\/en\/produit\/kit-ae3802-o38-water-accessories\/#primaryimage"},"image":{"@id":"https:\/\/www.eurosteam.fr\/en\/produit\/kit-ae3802-o38-water-accessories\/#primaryimage"},"thumbnailUrl":"https:\/\/www.eurosteam.fr\/wp-content\/uploads\/2023\/08\/10-450-02739002__1-jpg.webp","datePublished":"2023-08-31T18:13:12+00:00","breadcrumb":{"@id":"https:\/\/www.eurosteam.fr\/en\/produit\/kit-ae3802-o38-water-accessories\/#breadcrumb"},"inLanguage":"en-US","potentialAction":[{"@type":"ReadAction","target":["https:\/\/www.eurosteam.fr\/en\/produit\/kit-ae3802-o38-water-accessories\/"]}]},{"@type":"ImageObject","inLanguage":"en-US","@id":"https:\/\/www.eurosteam.fr\/en\/produit\/kit-ae3802-o38-water-accessories\/#primaryimage","url":"https:\/\/www.eurosteam.fr\/wp-content\/uploads\/2023\/08\/10-450-02739002__1-jpg.webp","contentUrl":"https:\/\/www.eurosteam.fr\/wp-content\/uploads\/2023\/08\/10-450-02739002__1-jpg.webp","width":650,"height":358},{"@type":"BreadcrumbList","@id":"https:\/\/www.eurosteam.fr\/en\/produit\/kit-ae3802-o38-water-accessories\/#breadcrumb","itemListElement":[{"@type":"ListItem","position":1,"name":"Home","item":"https:\/\/www.eurosteam.fr\/en\/"},{"@type":"ListItem","position":2,"name":"Shop","item":"https:\/\/www.eurosteam.fr\/en\/shop\/"},{"@type":"ListItem","position":3,"name":"KIT AE3802 &#8211; \u00d838 water accessories"}]},{"@type":"WebSite","@id":"https:\/\/www.eurosteam.fr\/en\/#website","url":"https:\/\/www.eurosteam.fr\/en\/","name":"Eurosteam","description":"le fabricant fran\u00e7ais de mat\u00e9riel de nettoyage industriel","publisher":{"@id":"https:\/\/www.eurosteam.fr\/en\/#organization"},"potentialAction":[{"@type":"SearchAction","target":{"@type":"EntryPoint","urlTemplate":"https:\/\/www.eurosteam.fr\/en\/?s={search_term_string}"},"query-input":{"@type":"PropertyValueSpecification","valueRequired":true,"valueName":"search_term_string"}}],"inLanguage":"en-US"},{"@type":"Organization","@id":"https:\/\/www.eurosteam.fr\/en\/#organization","name":"Eurosteam","url":"https:\/\/www.eurosteam.fr\/en\/","logo":{"@type":"ImageObject","inLanguage":"en-US","@id":"https:\/\/www.eurosteam.fr\/en\/#\/schema\/logo\/image\/","url":"https:\/\/www.eurosteam.fr\/wp-content\/uploads\/2023\/06\/eurosteam-logo-1602839661-jpg.webp","contentUrl":"https:\/\/www.eurosteam.fr\/wp-content\/uploads\/2023\/06\/eurosteam-logo-1602839661-jpg.webp","width":343,"height":98,"caption":"Eurosteam"},"image":{"@id":"https:\/\/www.eurosteam.fr\/en\/#\/schema\/logo\/image\/"}}]}},"_links":{"self":[{"href":"https:\/\/www.eurosteam.fr\/en\/wp-json\/wp\/v2\/product\/22233","targetHints":{"allow":["GET"]}}],"collection":[{"href":"https:\/\/www.eurosteam.fr\/en\/wp-json\/wp\/v2\/product"}],"about":[{"href":"https:\/\/www.eurosteam.fr\/en\/wp-json\/wp\/v2\/types\/product"}],"replies":[{"embeddable":true,"href":"https:\/\/www.eurosteam.fr\/en\/wp-json\/wp\/v2\/comments?post=22233"}],"wp:featuredmedia":[{"embeddable":true,"href":"https:\/\/www.eurosteam.fr\/en\/wp-json\/wp\/v2\/media\/19607"}],"wp:attachment":[{"href":"https:\/\/www.eurosteam.fr\/en\/wp-json\/wp\/v2\/media?parent=22233"}],"wp:term":[{"taxonomy":"product_brand","embeddable":true,"href":"https:\/\/www.eurosteam.fr\/en\/wp-json\/wp\/v2\/product_brand?post=22233"},{"taxonomy":"product_cat","embeddable":true,"href":"https:\/\/www.eurosteam.fr\/en\/wp-json\/wp\/v2\/product_cat?post=22233"},{"taxonomy":"product_tag","embeddable":true,"href":"https:\/\/www.eurosteam.fr\/en\/wp-json\/wp\/v2\/product_tag?post=22233"}],"curies":[{"name":"wp","href":"https:\/\/api.w.org\/{rel}","templated":true}]}}