{"id":22228,"date":"2023-08-31T20:13:13","date_gmt":"2023-08-31T18:13:13","guid":{"rendered":"https:\/\/u15jnbauej.preview.infomaniak.website\/produit\/kit-aep3801-water-and-dust-accessories-o38\/"},"modified":"2023-08-31T20:13:13","modified_gmt":"2023-08-31T18:13:13","slug":"kit-aep3801-water-and-dust-accessories-o38","status":"publish","type":"product","link":"https:\/\/www.eurosteam.fr\/en\/produit\/kit-aep3801-water-and-dust-accessories-o38\/","title":{"rendered":"KIT AEP3801 &#8211; Water and dust accessories \u00d838"},"content":{"rendered":"<ul>\n<li>Suction hose \u00d838 Lg 3M Complete<\/li>\n<li>Angled stainless steel tube \u00d838 Lg 430mm<\/li>\n<li>Straight stainless steel tube with ring \u00d838 Lg 440mm (X2)<\/li>\n<li>Water Sensor Castors \u00d838 Lg 400mm<\/li>\n<li>Dust collector Castors \u00d838 Lg 400mm<\/li>\n<li>Sensor PE baseboard \u00d838 Lg 70mm Lg 510mm<\/li>\n<li>Triangular PE sensor \u00d832\/38 Lg 110mm<\/li>\n<li>Round Brush \u00d838 Lg 70mm<\/li>\n<li>Large Basket Dust Filter (AP-APR)<\/li>\n<\/ul>\n","protected":false},"excerpt":{"rendered":"<p>Suction hose \u00d838 Lg 3M Complete Angled stainless steel tube \u00d838 Lg 430mm Straight stainless steel tube with ring \u00d838 Lg 440mm (X2) Water Sensor Castors \u00d838 Lg 400mm Dust collector Castors \u00d838 Lg 400mm Sensor PE baseboard \u00d838 Lg 70mm Lg 510mm Triangular PE sensor \u00d832\/38 Lg 110mm Round Brush \u00d838 Lg 70mm Large [&hellip;]<\/p>\n","protected":false},"featured_media":19600,"comment_status":"open","ping_status":"closed","template":"","meta":{"_acf_changed":false},"product_brand":[],"product_cat":[10199,10791,10803],"product_tag":[],"class_list":{"0":"post-22228","1":"product","2":"type-product","3":"status-publish","4":"has-post-thumbnail","6":"product_cat-accessories","7":"product_cat-accessory-kits","8":"product_cat-water-dust-accessory-kits","10":"first","11":"instock","12":"shipping-taxable","13":"purchasable","14":"product-type-simple"},"acf":[],"yoast_head":"<!-- This site is optimized with the Yoast SEO plugin v24.8.1 - https:\/\/yoast.com\/wordpress\/plugins\/seo\/ -->\n<title>KIT AEP3801 - Water and dust accessories \u00d838 - Eurosteam<\/title>\n<meta name=\"robots\" content=\"index, follow, max-snippet:-1, max-image-preview:large, max-video-preview:-1\" \/>\n<link rel=\"canonical\" href=\"https:\/\/www.eurosteam.fr\/en\/produit\/kit-aep3801-water-and-dust-accessories-o38\/\" \/>\n<meta property=\"og:locale\" content=\"en_US\" \/>\n<meta property=\"og:type\" content=\"article\" \/>\n<meta property=\"og:title\" content=\"KIT AEP3801 - Water and dust accessories \u00d838 - Eurosteam\" \/>\n<meta property=\"og:description\" content=\"Suction hose \u00d838 Lg 3M Complete Angled stainless steel tube \u00d838 Lg 430mm Straight stainless steel tube with ring \u00d838 Lg 440mm (X2) Water Sensor Castors \u00d838 Lg 400mm Dust collector Castors \u00d838 Lg 400mm Sensor PE baseboard \u00d838 Lg 70mm Lg 510mm Triangular PE sensor \u00d832\/38 Lg 110mm Round Brush \u00d838 Lg 70mm Large [&hellip;]\" \/>\n<meta property=\"og:url\" content=\"https:\/\/www.eurosteam.fr\/en\/produit\/kit-aep3801-water-and-dust-accessories-o38\/\" \/>\n<meta property=\"og:site_name\" content=\"Eurosteam\" \/>\n<meta property=\"og:image\" content=\"https:\/\/www.eurosteam.fr\/wp-content\/uploads\/2023\/08\/10-450-02740001__1-jpg.webp\" \/>\n\t<meta property=\"og:image:width\" content=\"650\" \/>\n\t<meta property=\"og:image:height\" content=\"358\" \/>\n\t<meta property=\"og:image:type\" content=\"image\/jpeg\" \/>\n<meta name=\"twitter:card\" content=\"summary_large_image\" \/>\n<script type=\"application\/ld+json\" class=\"yoast-schema-graph\">{\"@context\":\"https:\/\/schema.org\",\"@graph\":[{\"@type\":\"WebPage\",\"@id\":\"https:\/\/www.eurosteam.fr\/en\/produit\/kit-aep3801-water-and-dust-accessories-o38\/\",\"url\":\"https:\/\/www.eurosteam.fr\/en\/produit\/kit-aep3801-water-and-dust-accessories-o38\/\",\"name\":\"KIT AEP3801 - Water and dust accessories \u00d838 - Eurosteam\",\"isPartOf\":{\"@id\":\"https:\/\/www.eurosteam.fr\/en\/#website\"},\"primaryImageOfPage\":{\"@id\":\"https:\/\/www.eurosteam.fr\/en\/produit\/kit-aep3801-water-and-dust-accessories-o38\/#primaryimage\"},\"image\":{\"@id\":\"https:\/\/www.eurosteam.fr\/en\/produit\/kit-aep3801-water-and-dust-accessories-o38\/#primaryimage\"},\"thumbnailUrl\":\"https:\/\/www.eurosteam.fr\/wp-content\/uploads\/2023\/08\/10-450-02740001__1-jpg.webp\",\"datePublished\":\"2023-08-31T18:13:13+00:00\",\"breadcrumb\":{\"@id\":\"https:\/\/www.eurosteam.fr\/en\/produit\/kit-aep3801-water-and-dust-accessories-o38\/#breadcrumb\"},\"inLanguage\":\"en-US\",\"potentialAction\":[{\"@type\":\"ReadAction\",\"target\":[\"https:\/\/www.eurosteam.fr\/en\/produit\/kit-aep3801-water-and-dust-accessories-o38\/\"]}]},{\"@type\":\"ImageObject\",\"inLanguage\":\"en-US\",\"@id\":\"https:\/\/www.eurosteam.fr\/en\/produit\/kit-aep3801-water-and-dust-accessories-o38\/#primaryimage\",\"url\":\"https:\/\/www.eurosteam.fr\/wp-content\/uploads\/2023\/08\/10-450-02740001__1-jpg.webp\",\"contentUrl\":\"https:\/\/www.eurosteam.fr\/wp-content\/uploads\/2023\/08\/10-450-02740001__1-jpg.webp\",\"width\":650,\"height\":358},{\"@type\":\"BreadcrumbList\",\"@id\":\"https:\/\/www.eurosteam.fr\/en\/produit\/kit-aep3801-water-and-dust-accessories-o38\/#breadcrumb\",\"itemListElement\":[{\"@type\":\"ListItem\",\"position\":1,\"name\":\"Home\",\"item\":\"https:\/\/www.eurosteam.fr\/en\/\"},{\"@type\":\"ListItem\",\"position\":2,\"name\":\"Shop\",\"item\":\"https:\/\/www.eurosteam.fr\/en\/shop\/\"},{\"@type\":\"ListItem\",\"position\":3,\"name\":\"KIT AEP3801 &#8211; Water and dust accessories \u00d838\"}]},{\"@type\":\"WebSite\",\"@id\":\"https:\/\/www.eurosteam.fr\/en\/#website\",\"url\":\"https:\/\/www.eurosteam.fr\/en\/\",\"name\":\"Eurosteam\",\"description\":\"le fabricant fran\u00e7ais de mat\u00e9riel de nettoyage industriel\",\"publisher\":{\"@id\":\"https:\/\/www.eurosteam.fr\/en\/#organization\"},\"potentialAction\":[{\"@type\":\"SearchAction\",\"target\":{\"@type\":\"EntryPoint\",\"urlTemplate\":\"https:\/\/www.eurosteam.fr\/en\/?s={search_term_string}\"},\"query-input\":{\"@type\":\"PropertyValueSpecification\",\"valueRequired\":true,\"valueName\":\"search_term_string\"}}],\"inLanguage\":\"en-US\"},{\"@type\":\"Organization\",\"@id\":\"https:\/\/www.eurosteam.fr\/en\/#organization\",\"name\":\"Eurosteam\",\"url\":\"https:\/\/www.eurosteam.fr\/en\/\",\"logo\":{\"@type\":\"ImageObject\",\"inLanguage\":\"en-US\",\"@id\":\"https:\/\/www.eurosteam.fr\/en\/#\/schema\/logo\/image\/\",\"url\":\"https:\/\/www.eurosteam.fr\/wp-content\/uploads\/2023\/06\/eurosteam-logo-1602839661-jpg.webp\",\"contentUrl\":\"https:\/\/www.eurosteam.fr\/wp-content\/uploads\/2023\/06\/eurosteam-logo-1602839661-jpg.webp\",\"width\":343,\"height\":98,\"caption\":\"Eurosteam\"},\"image\":{\"@id\":\"https:\/\/www.eurosteam.fr\/en\/#\/schema\/logo\/image\/\"}}]}<\/script>\n<!-- \/ Yoast SEO plugin. -->","yoast_head_json":{"title":"KIT AEP3801 - Water and dust accessories \u00d838 - Eurosteam","robots":{"index":"index","follow":"follow","max-snippet":"max-snippet:-1","max-image-preview":"max-image-preview:large","max-video-preview":"max-video-preview:-1"},"canonical":"https:\/\/www.eurosteam.fr\/en\/produit\/kit-aep3801-water-and-dust-accessories-o38\/","og_locale":"en_US","og_type":"article","og_title":"KIT AEP3801 - Water and dust accessories \u00d838 - Eurosteam","og_description":"Suction hose \u00d838 Lg 3M Complete Angled stainless steel tube \u00d838 Lg 430mm Straight stainless steel tube with ring \u00d838 Lg 440mm (X2) Water Sensor Castors \u00d838 Lg 400mm Dust collector Castors \u00d838 Lg 400mm Sensor PE baseboard \u00d838 Lg 70mm Lg 510mm Triangular PE sensor \u00d832\/38 Lg 110mm Round Brush \u00d838 Lg 70mm Large [&hellip;]","og_url":"https:\/\/www.eurosteam.fr\/en\/produit\/kit-aep3801-water-and-dust-accessories-o38\/","og_site_name":"Eurosteam","og_image":[{"width":650,"height":358,"url":"https:\/\/www.eurosteam.fr\/wp-content\/uploads\/2023\/08\/10-450-02740001__1-jpg.webp","type":"image\/jpeg"}],"twitter_card":"summary_large_image","schema":{"@context":"https:\/\/schema.org","@graph":[{"@type":"WebPage","@id":"https:\/\/www.eurosteam.fr\/en\/produit\/kit-aep3801-water-and-dust-accessories-o38\/","url":"https:\/\/www.eurosteam.fr\/en\/produit\/kit-aep3801-water-and-dust-accessories-o38\/","name":"KIT AEP3801 - Water and dust accessories \u00d838 - Eurosteam","isPartOf":{"@id":"https:\/\/www.eurosteam.fr\/en\/#website"},"primaryImageOfPage":{"@id":"https:\/\/www.eurosteam.fr\/en\/produit\/kit-aep3801-water-and-dust-accessories-o38\/#primaryimage"},"image":{"@id":"https:\/\/www.eurosteam.fr\/en\/produit\/kit-aep3801-water-and-dust-accessories-o38\/#primaryimage"},"thumbnailUrl":"https:\/\/www.eurosteam.fr\/wp-content\/uploads\/2023\/08\/10-450-02740001__1-jpg.webp","datePublished":"2023-08-31T18:13:13+00:00","breadcrumb":{"@id":"https:\/\/www.eurosteam.fr\/en\/produit\/kit-aep3801-water-and-dust-accessories-o38\/#breadcrumb"},"inLanguage":"en-US","potentialAction":[{"@type":"ReadAction","target":["https:\/\/www.eurosteam.fr\/en\/produit\/kit-aep3801-water-and-dust-accessories-o38\/"]}]},{"@type":"ImageObject","inLanguage":"en-US","@id":"https:\/\/www.eurosteam.fr\/en\/produit\/kit-aep3801-water-and-dust-accessories-o38\/#primaryimage","url":"https:\/\/www.eurosteam.fr\/wp-content\/uploads\/2023\/08\/10-450-02740001__1-jpg.webp","contentUrl":"https:\/\/www.eurosteam.fr\/wp-content\/uploads\/2023\/08\/10-450-02740001__1-jpg.webp","width":650,"height":358},{"@type":"BreadcrumbList","@id":"https:\/\/www.eurosteam.fr\/en\/produit\/kit-aep3801-water-and-dust-accessories-o38\/#breadcrumb","itemListElement":[{"@type":"ListItem","position":1,"name":"Home","item":"https:\/\/www.eurosteam.fr\/en\/"},{"@type":"ListItem","position":2,"name":"Shop","item":"https:\/\/www.eurosteam.fr\/en\/shop\/"},{"@type":"ListItem","position":3,"name":"KIT AEP3801 &#8211; Water and dust accessories \u00d838"}]},{"@type":"WebSite","@id":"https:\/\/www.eurosteam.fr\/en\/#website","url":"https:\/\/www.eurosteam.fr\/en\/","name":"Eurosteam","description":"le fabricant fran\u00e7ais de mat\u00e9riel de nettoyage industriel","publisher":{"@id":"https:\/\/www.eurosteam.fr\/en\/#organization"},"potentialAction":[{"@type":"SearchAction","target":{"@type":"EntryPoint","urlTemplate":"https:\/\/www.eurosteam.fr\/en\/?s={search_term_string}"},"query-input":{"@type":"PropertyValueSpecification","valueRequired":true,"valueName":"search_term_string"}}],"inLanguage":"en-US"},{"@type":"Organization","@id":"https:\/\/www.eurosteam.fr\/en\/#organization","name":"Eurosteam","url":"https:\/\/www.eurosteam.fr\/en\/","logo":{"@type":"ImageObject","inLanguage":"en-US","@id":"https:\/\/www.eurosteam.fr\/en\/#\/schema\/logo\/image\/","url":"https:\/\/www.eurosteam.fr\/wp-content\/uploads\/2023\/06\/eurosteam-logo-1602839661-jpg.webp","contentUrl":"https:\/\/www.eurosteam.fr\/wp-content\/uploads\/2023\/06\/eurosteam-logo-1602839661-jpg.webp","width":343,"height":98,"caption":"Eurosteam"},"image":{"@id":"https:\/\/www.eurosteam.fr\/en\/#\/schema\/logo\/image\/"}}]}},"_links":{"self":[{"href":"https:\/\/www.eurosteam.fr\/en\/wp-json\/wp\/v2\/product\/22228","targetHints":{"allow":["GET"]}}],"collection":[{"href":"https:\/\/www.eurosteam.fr\/en\/wp-json\/wp\/v2\/product"}],"about":[{"href":"https:\/\/www.eurosteam.fr\/en\/wp-json\/wp\/v2\/types\/product"}],"replies":[{"embeddable":true,"href":"https:\/\/www.eurosteam.fr\/en\/wp-json\/wp\/v2\/comments?post=22228"}],"wp:featuredmedia":[{"embeddable":true,"href":"https:\/\/www.eurosteam.fr\/en\/wp-json\/wp\/v2\/media\/19600"}],"wp:attachment":[{"href":"https:\/\/www.eurosteam.fr\/en\/wp-json\/wp\/v2\/media?parent=22228"}],"wp:term":[{"taxonomy":"product_brand","embeddable":true,"href":"https:\/\/www.eurosteam.fr\/en\/wp-json\/wp\/v2\/product_brand?post=22228"},{"taxonomy":"product_cat","embeddable":true,"href":"https:\/\/www.eurosteam.fr\/en\/wp-json\/wp\/v2\/product_cat?post=22228"},{"taxonomy":"product_tag","embeddable":true,"href":"https:\/\/www.eurosteam.fr\/en\/wp-json\/wp\/v2\/product_tag?post=22228"}],"curies":[{"name":"wp","href":"https:\/\/api.w.org\/{rel}","templated":true}]}}