{"id":21506,"date":"2023-08-31T20:17:34","date_gmt":"2023-08-31T18:17:34","guid":{"rendered":"https:\/\/u15jnbauej.preview.infomaniak.website\/produit\/kit-aep3202-gesco-water-and-dust-accessories-o32\/"},"modified":"2023-08-31T20:17:34","modified_gmt":"2023-08-31T18:17:34","slug":"kit-aep3202-gesco-water-and-dust-accessories-o32","status":"publish","type":"product","link":"https:\/\/www.eurosteam.fr\/en\/produit\/kit-aep3202-gesco-water-and-dust-accessories-o32\/","title":{"rendered":"KIT AEP3202 &#8211; GESCO Water and dust accessories \u00d832"},"content":{"rendered":"<ul>\n<li>Suction hose \u00d832 L. 2.20M Complete<\/li>\n<li>Angled stainless steel tube \u00d832 L. 300mm<\/li>\n<li>Straight stainless steel tube \u00d832 L. 500mm (X2)<\/li>\n<li>Water Sensor Casters Lg 300mm \u00d832<\/li>\n<li>Pedal Dust Collector Lg 300mm \u00d832<\/li>\n<li>Baseboard sensor Lg 30mm L. 195mm \u00d832<\/li>\n<li>Triangular sensor Lg 127mm \u00d832<\/li>\n<li>Round Brush Lg 70mm \u00d832<\/li>\n<li>Large Basket Dust Filter (AP-APR)<\/li>\n<\/ul>\n","protected":false},"excerpt":{"rendered":"<p>Suction hose \u00d832 L. 2.20M Complete Angled stainless steel tube \u00d832 L. 300mm Straight stainless steel tube \u00d832 L. 500mm (X2) Water Sensor Casters Lg 300mm \u00d832 Pedal Dust Collector Lg 300mm \u00d832 Baseboard sensor Lg 30mm L. 195mm \u00d832 Triangular sensor Lg 127mm \u00d832 Round Brush Lg 70mm \u00d832 Large Basket Dust Filter (AP-APR)<\/p>\n","protected":false},"featured_media":18449,"comment_status":"open","ping_status":"closed","template":"","meta":{"_acf_changed":false},"product_brand":[],"product_cat":[10199,10791,10803],"product_tag":[],"class_list":{"0":"post-21506","1":"product","2":"type-product","3":"status-publish","4":"has-post-thumbnail","6":"product_cat-accessories","7":"product_cat-accessory-kits","8":"product_cat-water-dust-accessory-kits","10":"first","11":"instock","12":"shipping-taxable","13":"purchasable","14":"product-type-simple"},"acf":[],"yoast_head":"<!-- This site is optimized with the Yoast SEO plugin v24.8.1 - https:\/\/yoast.com\/wordpress\/plugins\/seo\/ -->\n<title>KIT AEP3202 - GESCO Water and dust accessories \u00d832 - Eurosteam<\/title>\n<meta name=\"robots\" content=\"index, follow, max-snippet:-1, max-image-preview:large, max-video-preview:-1\" \/>\n<link rel=\"canonical\" href=\"https:\/\/www.eurosteam.fr\/en\/produit\/kit-aep3202-gesco-water-and-dust-accessories-o32\/\" \/>\n<meta property=\"og:locale\" content=\"en_US\" \/>\n<meta property=\"og:type\" content=\"article\" \/>\n<meta property=\"og:title\" content=\"KIT AEP3202 - GESCO Water and dust accessories \u00d832 - Eurosteam\" \/>\n<meta property=\"og:description\" content=\"Suction hose \u00d832 L. 2.20M Complete Angled stainless steel tube \u00d832 L. 300mm Straight stainless steel tube \u00d832 L. 500mm (X2) Water Sensor Casters Lg 300mm \u00d832 Pedal Dust Collector Lg 300mm \u00d832 Baseboard sensor Lg 30mm L. 195mm \u00d832 Triangular sensor Lg 127mm \u00d832 Round Brush Lg 70mm \u00d832 Large Basket Dust Filter (AP-APR)\" \/>\n<meta property=\"og:url\" content=\"https:\/\/www.eurosteam.fr\/en\/produit\/kit-aep3202-gesco-water-and-dust-accessories-o32\/\" \/>\n<meta property=\"og:site_name\" content=\"Eurosteam\" \/>\n<meta property=\"og:image\" content=\"https:\/\/www.eurosteam.fr\/wp-content\/uploads\/2023\/08\/10-450-02742002__1-jpg.webp\" \/>\n\t<meta property=\"og:image:width\" content=\"650\" \/>\n\t<meta property=\"og:image:height\" content=\"358\" \/>\n\t<meta property=\"og:image:type\" content=\"image\/jpeg\" \/>\n<meta name=\"twitter:card\" content=\"summary_large_image\" \/>\n<script type=\"application\/ld+json\" class=\"yoast-schema-graph\">{\"@context\":\"https:\/\/schema.org\",\"@graph\":[{\"@type\":\"WebPage\",\"@id\":\"https:\/\/www.eurosteam.fr\/en\/produit\/kit-aep3202-gesco-water-and-dust-accessories-o32\/\",\"url\":\"https:\/\/www.eurosteam.fr\/en\/produit\/kit-aep3202-gesco-water-and-dust-accessories-o32\/\",\"name\":\"KIT AEP3202 - GESCO Water and dust accessories \u00d832 - Eurosteam\",\"isPartOf\":{\"@id\":\"https:\/\/www.eurosteam.fr\/en\/#website\"},\"primaryImageOfPage\":{\"@id\":\"https:\/\/www.eurosteam.fr\/en\/produit\/kit-aep3202-gesco-water-and-dust-accessories-o32\/#primaryimage\"},\"image\":{\"@id\":\"https:\/\/www.eurosteam.fr\/en\/produit\/kit-aep3202-gesco-water-and-dust-accessories-o32\/#primaryimage\"},\"thumbnailUrl\":\"https:\/\/www.eurosteam.fr\/wp-content\/uploads\/2023\/08\/10-450-02742002__1-jpg.webp\",\"datePublished\":\"2023-08-31T18:17:34+00:00\",\"breadcrumb\":{\"@id\":\"https:\/\/www.eurosteam.fr\/en\/produit\/kit-aep3202-gesco-water-and-dust-accessories-o32\/#breadcrumb\"},\"inLanguage\":\"en-US\",\"potentialAction\":[{\"@type\":\"ReadAction\",\"target\":[\"https:\/\/www.eurosteam.fr\/en\/produit\/kit-aep3202-gesco-water-and-dust-accessories-o32\/\"]}]},{\"@type\":\"ImageObject\",\"inLanguage\":\"en-US\",\"@id\":\"https:\/\/www.eurosteam.fr\/en\/produit\/kit-aep3202-gesco-water-and-dust-accessories-o32\/#primaryimage\",\"url\":\"https:\/\/www.eurosteam.fr\/wp-content\/uploads\/2023\/08\/10-450-02742002__1-jpg.webp\",\"contentUrl\":\"https:\/\/www.eurosteam.fr\/wp-content\/uploads\/2023\/08\/10-450-02742002__1-jpg.webp\",\"width\":650,\"height\":358},{\"@type\":\"BreadcrumbList\",\"@id\":\"https:\/\/www.eurosteam.fr\/en\/produit\/kit-aep3202-gesco-water-and-dust-accessories-o32\/#breadcrumb\",\"itemListElement\":[{\"@type\":\"ListItem\",\"position\":1,\"name\":\"Home\",\"item\":\"https:\/\/www.eurosteam.fr\/en\/\"},{\"@type\":\"ListItem\",\"position\":2,\"name\":\"Shop\",\"item\":\"https:\/\/www.eurosteam.fr\/en\/shop\/\"},{\"@type\":\"ListItem\",\"position\":3,\"name\":\"KIT AEP3202 &#8211; GESCO Water and dust accessories \u00d832\"}]},{\"@type\":\"WebSite\",\"@id\":\"https:\/\/www.eurosteam.fr\/en\/#website\",\"url\":\"https:\/\/www.eurosteam.fr\/en\/\",\"name\":\"Eurosteam\",\"description\":\"le fabricant fran\u00e7ais de mat\u00e9riel de nettoyage industriel\",\"publisher\":{\"@id\":\"https:\/\/www.eurosteam.fr\/en\/#organization\"},\"potentialAction\":[{\"@type\":\"SearchAction\",\"target\":{\"@type\":\"EntryPoint\",\"urlTemplate\":\"https:\/\/www.eurosteam.fr\/en\/?s={search_term_string}\"},\"query-input\":{\"@type\":\"PropertyValueSpecification\",\"valueRequired\":true,\"valueName\":\"search_term_string\"}}],\"inLanguage\":\"en-US\"},{\"@type\":\"Organization\",\"@id\":\"https:\/\/www.eurosteam.fr\/en\/#organization\",\"name\":\"Eurosteam\",\"url\":\"https:\/\/www.eurosteam.fr\/en\/\",\"logo\":{\"@type\":\"ImageObject\",\"inLanguage\":\"en-US\",\"@id\":\"https:\/\/www.eurosteam.fr\/en\/#\/schema\/logo\/image\/\",\"url\":\"https:\/\/www.eurosteam.fr\/wp-content\/uploads\/2023\/06\/eurosteam-logo-1602839661-jpg.webp\",\"contentUrl\":\"https:\/\/www.eurosteam.fr\/wp-content\/uploads\/2023\/06\/eurosteam-logo-1602839661-jpg.webp\",\"width\":343,\"height\":98,\"caption\":\"Eurosteam\"},\"image\":{\"@id\":\"https:\/\/www.eurosteam.fr\/en\/#\/schema\/logo\/image\/\"}}]}<\/script>\n<!-- \/ Yoast SEO plugin. -->","yoast_head_json":{"title":"KIT AEP3202 - GESCO Water and dust accessories \u00d832 - Eurosteam","robots":{"index":"index","follow":"follow","max-snippet":"max-snippet:-1","max-image-preview":"max-image-preview:large","max-video-preview":"max-video-preview:-1"},"canonical":"https:\/\/www.eurosteam.fr\/en\/produit\/kit-aep3202-gesco-water-and-dust-accessories-o32\/","og_locale":"en_US","og_type":"article","og_title":"KIT AEP3202 - GESCO Water and dust accessories \u00d832 - Eurosteam","og_description":"Suction hose \u00d832 L. 2.20M Complete Angled stainless steel tube \u00d832 L. 300mm Straight stainless steel tube \u00d832 L. 500mm (X2) Water Sensor Casters Lg 300mm \u00d832 Pedal Dust Collector Lg 300mm \u00d832 Baseboard sensor Lg 30mm L. 195mm \u00d832 Triangular sensor Lg 127mm \u00d832 Round Brush Lg 70mm \u00d832 Large Basket Dust Filter (AP-APR)","og_url":"https:\/\/www.eurosteam.fr\/en\/produit\/kit-aep3202-gesco-water-and-dust-accessories-o32\/","og_site_name":"Eurosteam","og_image":[{"width":650,"height":358,"url":"https:\/\/www.eurosteam.fr\/wp-content\/uploads\/2023\/08\/10-450-02742002__1-jpg.webp","type":"image\/jpeg"}],"twitter_card":"summary_large_image","schema":{"@context":"https:\/\/schema.org","@graph":[{"@type":"WebPage","@id":"https:\/\/www.eurosteam.fr\/en\/produit\/kit-aep3202-gesco-water-and-dust-accessories-o32\/","url":"https:\/\/www.eurosteam.fr\/en\/produit\/kit-aep3202-gesco-water-and-dust-accessories-o32\/","name":"KIT AEP3202 - GESCO Water and dust accessories \u00d832 - Eurosteam","isPartOf":{"@id":"https:\/\/www.eurosteam.fr\/en\/#website"},"primaryImageOfPage":{"@id":"https:\/\/www.eurosteam.fr\/en\/produit\/kit-aep3202-gesco-water-and-dust-accessories-o32\/#primaryimage"},"image":{"@id":"https:\/\/www.eurosteam.fr\/en\/produit\/kit-aep3202-gesco-water-and-dust-accessories-o32\/#primaryimage"},"thumbnailUrl":"https:\/\/www.eurosteam.fr\/wp-content\/uploads\/2023\/08\/10-450-02742002__1-jpg.webp","datePublished":"2023-08-31T18:17:34+00:00","breadcrumb":{"@id":"https:\/\/www.eurosteam.fr\/en\/produit\/kit-aep3202-gesco-water-and-dust-accessories-o32\/#breadcrumb"},"inLanguage":"en-US","potentialAction":[{"@type":"ReadAction","target":["https:\/\/www.eurosteam.fr\/en\/produit\/kit-aep3202-gesco-water-and-dust-accessories-o32\/"]}]},{"@type":"ImageObject","inLanguage":"en-US","@id":"https:\/\/www.eurosteam.fr\/en\/produit\/kit-aep3202-gesco-water-and-dust-accessories-o32\/#primaryimage","url":"https:\/\/www.eurosteam.fr\/wp-content\/uploads\/2023\/08\/10-450-02742002__1-jpg.webp","contentUrl":"https:\/\/www.eurosteam.fr\/wp-content\/uploads\/2023\/08\/10-450-02742002__1-jpg.webp","width":650,"height":358},{"@type":"BreadcrumbList","@id":"https:\/\/www.eurosteam.fr\/en\/produit\/kit-aep3202-gesco-water-and-dust-accessories-o32\/#breadcrumb","itemListElement":[{"@type":"ListItem","position":1,"name":"Home","item":"https:\/\/www.eurosteam.fr\/en\/"},{"@type":"ListItem","position":2,"name":"Shop","item":"https:\/\/www.eurosteam.fr\/en\/shop\/"},{"@type":"ListItem","position":3,"name":"KIT AEP3202 &#8211; GESCO Water and dust accessories \u00d832"}]},{"@type":"WebSite","@id":"https:\/\/www.eurosteam.fr\/en\/#website","url":"https:\/\/www.eurosteam.fr\/en\/","name":"Eurosteam","description":"le fabricant fran\u00e7ais de mat\u00e9riel de nettoyage industriel","publisher":{"@id":"https:\/\/www.eurosteam.fr\/en\/#organization"},"potentialAction":[{"@type":"SearchAction","target":{"@type":"EntryPoint","urlTemplate":"https:\/\/www.eurosteam.fr\/en\/?s={search_term_string}"},"query-input":{"@type":"PropertyValueSpecification","valueRequired":true,"valueName":"search_term_string"}}],"inLanguage":"en-US"},{"@type":"Organization","@id":"https:\/\/www.eurosteam.fr\/en\/#organization","name":"Eurosteam","url":"https:\/\/www.eurosteam.fr\/en\/","logo":{"@type":"ImageObject","inLanguage":"en-US","@id":"https:\/\/www.eurosteam.fr\/en\/#\/schema\/logo\/image\/","url":"https:\/\/www.eurosteam.fr\/wp-content\/uploads\/2023\/06\/eurosteam-logo-1602839661-jpg.webp","contentUrl":"https:\/\/www.eurosteam.fr\/wp-content\/uploads\/2023\/06\/eurosteam-logo-1602839661-jpg.webp","width":343,"height":98,"caption":"Eurosteam"},"image":{"@id":"https:\/\/www.eurosteam.fr\/en\/#\/schema\/logo\/image\/"}}]}},"_links":{"self":[{"href":"https:\/\/www.eurosteam.fr\/en\/wp-json\/wp\/v2\/product\/21506","targetHints":{"allow":["GET"]}}],"collection":[{"href":"https:\/\/www.eurosteam.fr\/en\/wp-json\/wp\/v2\/product"}],"about":[{"href":"https:\/\/www.eurosteam.fr\/en\/wp-json\/wp\/v2\/types\/product"}],"replies":[{"embeddable":true,"href":"https:\/\/www.eurosteam.fr\/en\/wp-json\/wp\/v2\/comments?post=21506"}],"wp:featuredmedia":[{"embeddable":true,"href":"https:\/\/www.eurosteam.fr\/en\/wp-json\/wp\/v2\/media\/18449"}],"wp:attachment":[{"href":"https:\/\/www.eurosteam.fr\/en\/wp-json\/wp\/v2\/media?parent=21506"}],"wp:term":[{"taxonomy":"product_brand","embeddable":true,"href":"https:\/\/www.eurosteam.fr\/en\/wp-json\/wp\/v2\/product_brand?post=21506"},{"taxonomy":"product_cat","embeddable":true,"href":"https:\/\/www.eurosteam.fr\/en\/wp-json\/wp\/v2\/product_cat?post=21506"},{"taxonomy":"product_tag","embeddable":true,"href":"https:\/\/www.eurosteam.fr\/en\/wp-json\/wp\/v2\/product_tag?post=21506"}],"curies":[{"name":"wp","href":"https:\/\/api.w.org\/{rel}","templated":true}]}}