{"id":21505,"date":"2023-08-31T20:17:14","date_gmt":"2023-08-31T18:17:14","guid":{"rendered":"https:\/\/u15jnbauej.preview.infomaniak.website\/produit\/kit-ap3206-o32-dust-accessories\/"},"modified":"2023-08-31T20:17:14","modified_gmt":"2023-08-31T18:17:14","slug":"kit-ap3206-o32-dust-accessories","status":"publish","type":"product","link":"https:\/\/www.eurosteam.fr\/en\/produit\/kit-ap3206-o32-dust-accessories\/","title":{"rendered":"KIT AP3206 &#8211; \u00d832 dust accessories"},"content":{"rendered":"<ul>\n<li>Vacuum hose \u00d832 Lg 2.20M bent Plastique Complete<\/li>\n<li>Chrome-plated straight tube with ring \u00d832 Lg 500mm (X2)<\/li>\n<li>Dust collector Castors \u00d832 Lg 370mm<\/li>\n<li>Triangular sensor \u00d832 Lg 127mm<\/li>\n<li>Round Brush \u00d832 Lg 70mm<\/li>\n<li>Baseboard sensor \u00d832 Lg 195mm L. 30mm<\/li>\n<\/ul>\n","protected":false},"excerpt":{"rendered":"<p>Vacuum hose \u00d832 Lg 2.20M bent Plastique Complete Chrome-plated straight tube with ring \u00d832 Lg 500mm (X2) Dust collector Castors \u00d832 Lg 370mm Triangular sensor \u00d832 Lg 127mm Round Brush \u00d832 Lg 70mm Baseboard sensor \u00d832 Lg 195mm L. 30mm<\/p>\n","protected":false},"featured_media":18528,"comment_status":"open","ping_status":"closed","template":"","meta":{"_acf_changed":false},"product_brand":[],"product_cat":[10199,10791,10794],"product_tag":[],"class_list":{"0":"post-21505","1":"product","2":"type-product","3":"status-publish","4":"has-post-thumbnail","6":"product_cat-accessories","7":"product_cat-accessory-kits","8":"product_cat-dust-accessory-kits","10":"first","11":"instock","12":"shipping-taxable","13":"purchasable","14":"product-type-simple"},"acf":[],"yoast_head":"<!-- This site is optimized with the Yoast SEO plugin v24.8.1 - https:\/\/yoast.com\/wordpress\/plugins\/seo\/ -->\n<title>KIT AP3206 - \u00d832 dust accessories - Eurosteam<\/title>\n<meta name=\"robots\" content=\"index, follow, max-snippet:-1, max-image-preview:large, max-video-preview:-1\" \/>\n<link rel=\"canonical\" href=\"https:\/\/www.eurosteam.fr\/en\/produit\/kit-ap3206-o32-dust-accessories\/\" \/>\n<meta property=\"og:locale\" content=\"en_US\" \/>\n<meta property=\"og:type\" content=\"article\" \/>\n<meta property=\"og:title\" content=\"KIT AP3206 - \u00d832 dust accessories - Eurosteam\" \/>\n<meta property=\"og:description\" content=\"Vacuum hose \u00d832 Lg 2.20M bent Plastique Complete Chrome-plated straight tube with ring \u00d832 Lg 500mm (X2) Dust collector Castors \u00d832 Lg 370mm Triangular sensor \u00d832 Lg 127mm Round Brush \u00d832 Lg 70mm Baseboard sensor \u00d832 Lg 195mm L. 30mm\" \/>\n<meta property=\"og:url\" content=\"https:\/\/www.eurosteam.fr\/en\/produit\/kit-ap3206-o32-dust-accessories\/\" \/>\n<meta property=\"og:site_name\" content=\"Eurosteam\" \/>\n<meta property=\"og:image\" content=\"https:\/\/www.eurosteam.fr\/wp-content\/uploads\/2023\/08\/10-450-02743206__1-jpg.webp\" \/>\n\t<meta property=\"og:image:width\" content=\"650\" \/>\n\t<meta property=\"og:image:height\" content=\"358\" \/>\n\t<meta property=\"og:image:type\" content=\"image\/jpeg\" \/>\n<meta name=\"twitter:card\" content=\"summary_large_image\" \/>\n<script type=\"application\/ld+json\" class=\"yoast-schema-graph\">{\"@context\":\"https:\/\/schema.org\",\"@graph\":[{\"@type\":\"WebPage\",\"@id\":\"https:\/\/www.eurosteam.fr\/en\/produit\/kit-ap3206-o32-dust-accessories\/\",\"url\":\"https:\/\/www.eurosteam.fr\/en\/produit\/kit-ap3206-o32-dust-accessories\/\",\"name\":\"KIT AP3206 - \u00d832 dust accessories - Eurosteam\",\"isPartOf\":{\"@id\":\"https:\/\/www.eurosteam.fr\/en\/#website\"},\"primaryImageOfPage\":{\"@id\":\"https:\/\/www.eurosteam.fr\/en\/produit\/kit-ap3206-o32-dust-accessories\/#primaryimage\"},\"image\":{\"@id\":\"https:\/\/www.eurosteam.fr\/en\/produit\/kit-ap3206-o32-dust-accessories\/#primaryimage\"},\"thumbnailUrl\":\"https:\/\/www.eurosteam.fr\/wp-content\/uploads\/2023\/08\/10-450-02743206__1-jpg.webp\",\"datePublished\":\"2023-08-31T18:17:14+00:00\",\"breadcrumb\":{\"@id\":\"https:\/\/www.eurosteam.fr\/en\/produit\/kit-ap3206-o32-dust-accessories\/#breadcrumb\"},\"inLanguage\":\"en-US\",\"potentialAction\":[{\"@type\":\"ReadAction\",\"target\":[\"https:\/\/www.eurosteam.fr\/en\/produit\/kit-ap3206-o32-dust-accessories\/\"]}]},{\"@type\":\"ImageObject\",\"inLanguage\":\"en-US\",\"@id\":\"https:\/\/www.eurosteam.fr\/en\/produit\/kit-ap3206-o32-dust-accessories\/#primaryimage\",\"url\":\"https:\/\/www.eurosteam.fr\/wp-content\/uploads\/2023\/08\/10-450-02743206__1-jpg.webp\",\"contentUrl\":\"https:\/\/www.eurosteam.fr\/wp-content\/uploads\/2023\/08\/10-450-02743206__1-jpg.webp\",\"width\":650,\"height\":358},{\"@type\":\"BreadcrumbList\",\"@id\":\"https:\/\/www.eurosteam.fr\/en\/produit\/kit-ap3206-o32-dust-accessories\/#breadcrumb\",\"itemListElement\":[{\"@type\":\"ListItem\",\"position\":1,\"name\":\"Home\",\"item\":\"https:\/\/www.eurosteam.fr\/en\/\"},{\"@type\":\"ListItem\",\"position\":2,\"name\":\"Shop\",\"item\":\"https:\/\/www.eurosteam.fr\/en\/shop\/\"},{\"@type\":\"ListItem\",\"position\":3,\"name\":\"KIT AP3206 &#8211; \u00d832 dust accessories\"}]},{\"@type\":\"WebSite\",\"@id\":\"https:\/\/www.eurosteam.fr\/en\/#website\",\"url\":\"https:\/\/www.eurosteam.fr\/en\/\",\"name\":\"Eurosteam\",\"description\":\"le fabricant fran\u00e7ais de mat\u00e9riel de nettoyage industriel\",\"publisher\":{\"@id\":\"https:\/\/www.eurosteam.fr\/en\/#organization\"},\"potentialAction\":[{\"@type\":\"SearchAction\",\"target\":{\"@type\":\"EntryPoint\",\"urlTemplate\":\"https:\/\/www.eurosteam.fr\/en\/?s={search_term_string}\"},\"query-input\":{\"@type\":\"PropertyValueSpecification\",\"valueRequired\":true,\"valueName\":\"search_term_string\"}}],\"inLanguage\":\"en-US\"},{\"@type\":\"Organization\",\"@id\":\"https:\/\/www.eurosteam.fr\/en\/#organization\",\"name\":\"Eurosteam\",\"url\":\"https:\/\/www.eurosteam.fr\/en\/\",\"logo\":{\"@type\":\"ImageObject\",\"inLanguage\":\"en-US\",\"@id\":\"https:\/\/www.eurosteam.fr\/en\/#\/schema\/logo\/image\/\",\"url\":\"https:\/\/www.eurosteam.fr\/wp-content\/uploads\/2023\/06\/eurosteam-logo-1602839661-jpg.webp\",\"contentUrl\":\"https:\/\/www.eurosteam.fr\/wp-content\/uploads\/2023\/06\/eurosteam-logo-1602839661-jpg.webp\",\"width\":343,\"height\":98,\"caption\":\"Eurosteam\"},\"image\":{\"@id\":\"https:\/\/www.eurosteam.fr\/en\/#\/schema\/logo\/image\/\"}}]}<\/script>\n<!-- \/ Yoast SEO plugin. -->","yoast_head_json":{"title":"KIT AP3206 - \u00d832 dust accessories - Eurosteam","robots":{"index":"index","follow":"follow","max-snippet":"max-snippet:-1","max-image-preview":"max-image-preview:large","max-video-preview":"max-video-preview:-1"},"canonical":"https:\/\/www.eurosteam.fr\/en\/produit\/kit-ap3206-o32-dust-accessories\/","og_locale":"en_US","og_type":"article","og_title":"KIT AP3206 - \u00d832 dust accessories - Eurosteam","og_description":"Vacuum hose \u00d832 Lg 2.20M bent Plastique Complete Chrome-plated straight tube with ring \u00d832 Lg 500mm (X2) Dust collector Castors \u00d832 Lg 370mm Triangular sensor \u00d832 Lg 127mm Round Brush \u00d832 Lg 70mm Baseboard sensor \u00d832 Lg 195mm L. 30mm","og_url":"https:\/\/www.eurosteam.fr\/en\/produit\/kit-ap3206-o32-dust-accessories\/","og_site_name":"Eurosteam","og_image":[{"width":650,"height":358,"url":"https:\/\/www.eurosteam.fr\/wp-content\/uploads\/2023\/08\/10-450-02743206__1-jpg.webp","type":"image\/jpeg"}],"twitter_card":"summary_large_image","schema":{"@context":"https:\/\/schema.org","@graph":[{"@type":"WebPage","@id":"https:\/\/www.eurosteam.fr\/en\/produit\/kit-ap3206-o32-dust-accessories\/","url":"https:\/\/www.eurosteam.fr\/en\/produit\/kit-ap3206-o32-dust-accessories\/","name":"KIT AP3206 - \u00d832 dust accessories - Eurosteam","isPartOf":{"@id":"https:\/\/www.eurosteam.fr\/en\/#website"},"primaryImageOfPage":{"@id":"https:\/\/www.eurosteam.fr\/en\/produit\/kit-ap3206-o32-dust-accessories\/#primaryimage"},"image":{"@id":"https:\/\/www.eurosteam.fr\/en\/produit\/kit-ap3206-o32-dust-accessories\/#primaryimage"},"thumbnailUrl":"https:\/\/www.eurosteam.fr\/wp-content\/uploads\/2023\/08\/10-450-02743206__1-jpg.webp","datePublished":"2023-08-31T18:17:14+00:00","breadcrumb":{"@id":"https:\/\/www.eurosteam.fr\/en\/produit\/kit-ap3206-o32-dust-accessories\/#breadcrumb"},"inLanguage":"en-US","potentialAction":[{"@type":"ReadAction","target":["https:\/\/www.eurosteam.fr\/en\/produit\/kit-ap3206-o32-dust-accessories\/"]}]},{"@type":"ImageObject","inLanguage":"en-US","@id":"https:\/\/www.eurosteam.fr\/en\/produit\/kit-ap3206-o32-dust-accessories\/#primaryimage","url":"https:\/\/www.eurosteam.fr\/wp-content\/uploads\/2023\/08\/10-450-02743206__1-jpg.webp","contentUrl":"https:\/\/www.eurosteam.fr\/wp-content\/uploads\/2023\/08\/10-450-02743206__1-jpg.webp","width":650,"height":358},{"@type":"BreadcrumbList","@id":"https:\/\/www.eurosteam.fr\/en\/produit\/kit-ap3206-o32-dust-accessories\/#breadcrumb","itemListElement":[{"@type":"ListItem","position":1,"name":"Home","item":"https:\/\/www.eurosteam.fr\/en\/"},{"@type":"ListItem","position":2,"name":"Shop","item":"https:\/\/www.eurosteam.fr\/en\/shop\/"},{"@type":"ListItem","position":3,"name":"KIT AP3206 &#8211; \u00d832 dust accessories"}]},{"@type":"WebSite","@id":"https:\/\/www.eurosteam.fr\/en\/#website","url":"https:\/\/www.eurosteam.fr\/en\/","name":"Eurosteam","description":"le fabricant fran\u00e7ais de mat\u00e9riel de nettoyage industriel","publisher":{"@id":"https:\/\/www.eurosteam.fr\/en\/#organization"},"potentialAction":[{"@type":"SearchAction","target":{"@type":"EntryPoint","urlTemplate":"https:\/\/www.eurosteam.fr\/en\/?s={search_term_string}"},"query-input":{"@type":"PropertyValueSpecification","valueRequired":true,"valueName":"search_term_string"}}],"inLanguage":"en-US"},{"@type":"Organization","@id":"https:\/\/www.eurosteam.fr\/en\/#organization","name":"Eurosteam","url":"https:\/\/www.eurosteam.fr\/en\/","logo":{"@type":"ImageObject","inLanguage":"en-US","@id":"https:\/\/www.eurosteam.fr\/en\/#\/schema\/logo\/image\/","url":"https:\/\/www.eurosteam.fr\/wp-content\/uploads\/2023\/06\/eurosteam-logo-1602839661-jpg.webp","contentUrl":"https:\/\/www.eurosteam.fr\/wp-content\/uploads\/2023\/06\/eurosteam-logo-1602839661-jpg.webp","width":343,"height":98,"caption":"Eurosteam"},"image":{"@id":"https:\/\/www.eurosteam.fr\/en\/#\/schema\/logo\/image\/"}}]}},"_links":{"self":[{"href":"https:\/\/www.eurosteam.fr\/en\/wp-json\/wp\/v2\/product\/21505","targetHints":{"allow":["GET"]}}],"collection":[{"href":"https:\/\/www.eurosteam.fr\/en\/wp-json\/wp\/v2\/product"}],"about":[{"href":"https:\/\/www.eurosteam.fr\/en\/wp-json\/wp\/v2\/types\/product"}],"replies":[{"embeddable":true,"href":"https:\/\/www.eurosteam.fr\/en\/wp-json\/wp\/v2\/comments?post=21505"}],"wp:featuredmedia":[{"embeddable":true,"href":"https:\/\/www.eurosteam.fr\/en\/wp-json\/wp\/v2\/media\/18528"}],"wp:attachment":[{"href":"https:\/\/www.eurosteam.fr\/en\/wp-json\/wp\/v2\/media?parent=21505"}],"wp:term":[{"taxonomy":"product_brand","embeddable":true,"href":"https:\/\/www.eurosteam.fr\/en\/wp-json\/wp\/v2\/product_brand?post=21505"},{"taxonomy":"product_cat","embeddable":true,"href":"https:\/\/www.eurosteam.fr\/en\/wp-json\/wp\/v2\/product_cat?post=21505"},{"taxonomy":"product_tag","embeddable":true,"href":"https:\/\/www.eurosteam.fr\/en\/wp-json\/wp\/v2\/product_tag?post=21505"}],"curies":[{"name":"wp","href":"https:\/\/api.w.org\/{rel}","templated":true}]}}